{"id":1260,"date":"2021-01-29T17:48:16","date_gmt":"2021-01-29T17:48:16","guid":{"rendered":"https:\/\/childrensguildschools.org\/baltimore\/?page_id=1260"},"modified":"2025-04-24T18:21:55","modified_gmt":"2025-04-24T18:21:55","slug":"non-discrimination-policy","status":"publish","type":"page","link":"https:\/\/childrensguildschools.org\/baltimore\/non-discrimination-policy\/","title":{"rendered":"Non-Discrimination Policy"},"content":{"rendered":"<p>[et_pb_section fb_built=&#8221;1&#8243; admin_label=&#8221;section&#8221; _builder_version=&#8221;4.16&#8243; background_image=&#8221;https:\/\/childrensguildschools.org\/baltimore\/wp-content\/uploads\/sites\/2\/2021\/01\/non-discrim2.jpg&#8221; custom_padding=&#8221;100px||100px||false|false&#8221; locked=&#8221;off&#8221; global_colors_info=&#8221;{}&#8221;][et_pb_row _builder_version=&#8221;4.16&#8243; _module_preset=&#8221;default&#8221; custom_margin=&#8221;||100px||false|false&#8221; global_colors_info=&#8221;{}&#8221;][et_pb_column type=&#8221;4_4&#8243; _builder_version=&#8221;4.16&#8243; _module_preset=&#8221;default&#8221; global_colors_info=&#8221;{}&#8221;][et_pb_text _builder_version=&#8221;4.16&#8243; _module_preset=&#8221;default&#8221; header_font=&#8221;|800|||||||&#8221; header_text_align=&#8221;center&#8221; header_text_color=&#8221;#ffffff&#8221; header_font_size=&#8221;67px&#8221; custom_margin=&#8221;35px||-35px||false|false&#8221; header_text_shadow_style=&#8221;preset3&#8243; header_text_shadow_color=&#8221;#0047BB&#8221; global_colors_info=&#8221;{}&#8221;]<\/p>\n<h1 style=\"text-align: center;\">Non-discrimination Policy\u00a0<\/h1>\n<p>[\/et_pb_text][\/et_pb_column][\/et_pb_row][\/et_pb_section][et_pb_section fb_built=&#8221;1&#8243; _builder_version=&#8221;4.16&#8243; _module_preset=&#8221;default&#8221; locked=&#8221;off&#8221; global_colors_info=&#8221;{}&#8221;][et_pb_row _builder_version=&#8221;4.16&#8243; _module_preset=&#8221;default&#8221; global_colors_info=&#8221;{}&#8221;][et_pb_column type=&#8221;4_4&#8243; _builder_version=&#8221;4.16&#8243; _module_preset=&#8221;default&#8221; global_colors_info=&#8221;{}&#8221;][et_pb_text _builder_version=&#8221;4.27.2&#8243; _module_preset=&#8221;default&#8221; text_font_size=&#8221;20px&#8221; text_line_height=&#8221;1.9em&#8221; global_colors_info=&#8221;{}&#8221;]<\/p>\n<h1><b><span><a href=\"http:\/\/childrensguild.org\/wp-content\/uploads\/2020\/02\/FNS-Nondiscrimination-Statement-2015.pdf\" target=\"_blank\" rel=\"noopener noreferrer\" data-auth=\"NotApplicable\">Non-Discrimination Policy<\/a><\/span><\/b><\/h1>\n<hr style=\"width: 90px; margin: 10px 0; border-color: #E57200;\" \/>\n<h2><\/h2>\n<h2><\/h2>\n<h2>We comply with the USDA Nondiscrimination Statement:<\/h2>\n<p>&nbsp;<\/p>\n<p><span style=\"color: #00accd;\"><span class=\"s1\"><b>USDA\u00a0<\/b><span class=\"s2\"><b>Non-Discrimination\u00a0<\/b><\/span><b>Statement<\/b><\/span><\/span><\/p>\n<p>In accordance with Federal civil rights law and U.S. Department of Agriculture (USDA) civil rights regulations and policies, the USDA, its Agencies, offices, and employees, and institutions participating in or administering USDA programs are prohibited from discriminating based on race, color, national origin, religion, sex, disability, age, marital status, family\/parental status, income derived from a public assistance program, political beliefs, or reprisal or retaliation for prior civil rights activity, in any program or activity conducted or funded by USDA (not all bases apply to all programs). Remedies and complaint filing deadlines vary by program or incident.<\/p>\n<p>Persons with disabilities who require alternative means of communication for program information (e.g., Braille, large print, audiotape, American Sign Language, etc.) should contact the State or local Agency that administers the program or contact USDA through the Telecommunications Relay Service at 711 (voice and TTY). Additionally, program information may be made available in languages other than English.<\/p>\n<p>To file a program discrimination complaint, complete the USDA Program Discrimination Complaint Form, AD-3027, found online at<span>\u00a0<\/span><a href=\"https:\/\/www.usda.gov\/oascr\/how-to-file-a-program-discrimination-complaint\">How to File a Program Discrimination Complaint<\/a><span>\u00a0<\/span>and at any USDA office or write a letter addressed to USDA and provide in the letter all of the information requested in the form. To request a copy of the complaint form, call (866) 632-9992. Submit your completed form or letter to USDA by: (1) mail: U.S. Department of Agriculture, Office of the Assistant Secretary for Civil Rights, 1400 Independence Avenue, SW, Mail Stop 9410, Washington, D.C. 20250-9410; (2) fax: (202) 690-7442; or (3) email:<span>\u00a0<\/span><a href=\"mailto:program.intake@usda.gov\">program.intake@usda.gov<\/a>.<\/p>\n<p>USDA is an equal opportunity provider, employer, and lender.<\/p>\n<p><span class=\"s1\" style=\"color: #00accd;\"><b>USDA<\/b><span class=\"s2\"><b>Non-Discrimination Statement\u00a0-Spanish translation\u00a0<\/b><\/span><\/span><\/p>\n<p><span>De conformidad con la Ley Federal de Derechos Civiles y las normas y pol\u00edticas de derechos civiles del Departamento de Agricultura de los Estados Unidos (USDA), el USDA, sus agencias, oficinas, empleados e instituciones que participan o administran programas del USDA tienen prohibido discriminar por motivos de raza, color, nacionalidad, religi\u00f3n, sexo, discapacidad, edad, estado civil, situaci\u00f3n familiar\/parental, ingresos provenientes de un programa de asistencia p\u00fablica, creencias pol\u00edticas o represalias por actividades previas de derechos civiles, en cualquier programa o actividad realizada o financiada por el USDA (no todas las bases se aplican a todos los programas). Los recursos y los plazos para presentar quejas var\u00edan seg\u00fan el programa o incidente.<\/span><\/p>\n<p><span>Las personas con discapacidad que requieran medios alternativos de comunicaci\u00f3n para la informaci\u00f3n del programa (p. ej., braille, letra grande, audiocasete, lenguaje de se\u00f1as americano, etc.) deben comunicarse con la agencia estatal o local que administra el programa o con el USDA a trav\u00e9s del Servicio de Retransmisi\u00f3n de Telecomunicaciones al 711 (voz y TTY). Adem\u00e1s, la informaci\u00f3n del programa podr\u00eda estar disponible en otros idiomas adem\u00e1s del ingl\u00e9s.<\/span><\/p>\n<p><span>Para presentar una queja por discriminaci\u00f3n en el programa, complete el Formulario de Queja por Discriminaci\u00f3n en el Programa del USDA, AD-3027, disponible en l\u00ednea en &#8221;\u00a0<a href=\"https:\/\/www.usda.gov\/oascr\/how-to-file-a-program-discrimination-complaint\">C\u00f3mo presentar una queja por discriminaci\u00f3n en el programa&#8221;<\/a>\u00a0y en cualquier oficina del USDA, o escriba una carta dirigida al USDA e incluya en ella toda la informaci\u00f3n solicitada. Para solicitar una copia del formulario de queja, llame al (866) 632-9992. Env\u00ede su formulario o carta completos al USDA por: (1) correo postal: Departamento de Agricultura de los Estados Unidos, Oficina del Subsecretario de Derechos Civiles, 1400 Independence Avenue, SW, Mail Stop 9410, Washington, DC 20250-9410; (2) fax: (202) 690-7442; o (3) correo electr\u00f3nico:\u00a0<a href=\"mailto:program.intake@usda.gov\">program.intake@usda.gov<\/a>\u00a0.<\/span><span>\u00a0<\/span><a href=\"https:\/\/www.usda.gov\/oascr\/how-to-file-a-program-discrimination-complaint\"><span><\/span><\/a><span>\u00a0<\/span><span><\/span><span>\u00a0<\/span><a href=\"mailto:program.intake@usda.gov\"><span><\/span><\/a><span><\/span><\/p>\n<p><span>El USDA es un proveedor, empleador y prestamista que ofrece igualdad de oportunidades.<\/span><\/p>\n<p>&nbsp;<\/p>\n<p>[\/et_pb_text][\/et_pb_column][\/et_pb_row][\/et_pb_section][et_pb_section fb_built=&#8221;1&#8243; _builder_version=&#8221;4.16&#8243; _module_preset=&#8221;default&#8221; custom_margin=&#8221;||-43px||false|false&#8221; border_width_top=&#8221;9px&#8221; border_color_top=&#8221;#f47721&#8243; locked=&#8221;off&#8221; global_colors_info=&#8221;{}&#8221;][et_pb_row column_structure=&#8221;1_4,1_4,1_4,1_4&#8243; _builder_version=&#8221;4.16&#8243; _module_preset=&#8221;default&#8221; global_colors_info=&#8221;{}&#8221;][et_pb_column type=&#8221;1_4&#8243; _builder_version=&#8221;4.16&#8243; _module_preset=&#8221;default&#8221; global_colors_info=&#8221;{}&#8221;][et_pb_image src=&#8221;https:\/\/childrensguildschools.org\/baltimore\/wp-content\/uploads\/sites\/2\/2022\/10\/TCG-Baltimore-2color.png&#8221; title_text=&#8221;TCG Baltimore 2color&#8221; _builder_version=&#8221;4.16&#8243; _module_preset=&#8221;default&#8221; custom_margin=&#8221;-58px||||false|false&#8221; custom_padding=&#8221;0px|0px|0px|0px|false|false&#8221; global_colors_info=&#8221;{}&#8221;][\/et_pb_image][\/et_pb_column][et_pb_column type=&#8221;1_4&#8243; _builder_version=&#8221;4.16&#8243; _module_preset=&#8221;default&#8221; global_colors_info=&#8221;{}&#8221;][et_pb_text _builder_version=&#8221;4.16&#8243; _module_preset=&#8221;default&#8221; global_colors_info=&#8221;{}&#8221;]<\/p>\n<h3 style=\"padding-left: 60px;\"><strong>FIND US<\/strong><\/h3>\n<p style=\"padding-left: 60px;\"><span style=\"color: #0047bb;\">410 E. Jeffrey St.<\/span><br \/> <span style=\"color: #0047bb;\">Baltimore, MD 21225<\/span><\/p>\n<p><strong><\/strong><\/p>\n<p>[\/et_pb_text][\/et_pb_column][et_pb_column type=&#8221;1_4&#8243; _builder_version=&#8221;4.16&#8243; _module_preset=&#8221;default&#8221; global_colors_info=&#8221;{}&#8221;][et_pb_text _builder_version=&#8221;4.16&#8243; _module_preset=&#8221;default&#8221; global_colors_info=&#8221;{}&#8221;]<\/p>\n<h3 style=\"padding-left: 30px;\"><strong>CALL US<\/strong><\/h3>\n<p style=\"padding-left: 30px;\"><strong><a class=\"tel\" href=\"tel:410.269.7600\"><span>\u00a0<\/span><\/a><\/strong><a class=\"tel\" href=\"tel:410.269.7600\">410.269.7600\u00a0<\/a><\/p>\n<p>[\/et_pb_text][\/et_pb_column][et_pb_column type=&#8221;1_4&#8243; _builder_version=&#8221;4.16&#8243; _module_preset=&#8221;default&#8221; global_colors_info=&#8221;{}&#8221;][et_pb_text _builder_version=&#8221;4.16&#8243; _module_preset=&#8221;default&#8221; locked=&#8221;off&#8221; global_colors_info=&#8221;{}&#8221;]<\/p>\n<h3 style=\"padding-left: 30px;\"><strong>FOLLOW US<\/strong><\/h3>\n<p style=\"padding-left: 30px;\"><a href=\"https:\/\/www.facebook.com\/thechildrensguild\/\" target=\"_blank\" rel=\"noopener noreferrer\"><img loading=\"lazy\" decoding=\"async\" src=\"https:\/\/childrensguildschools.org\/pgc\/wp-content\/uploads\/sites\/2\/2021\/02\/facebook-pg-150x150.png\" width=\"25\" height=\"25\" alt=\"\" class=\"wp-image-1507 alignnone size-thumbnail\" \/><\/a>\u00a0 \u00a0 \u00a0\u00a0<a href=\"https:\/\/www.instagram.com\/TCGBaltimore\/\" target=\"_blank\" rel=\"noopener noreferrer\"><img loading=\"lazy\" decoding=\"async\" src=\"https:\/\/childrensguildschools.org\/pgc\/wp-content\/uploads\/sites\/2\/2021\/02\/instagram-icon-vector.svg\" width=\"25\" height=\"26\" alt=\"\" class=\"wp-image-1397 alignnone size-medium\" \/><\/a>\u00a0 \u00a0 \u00a0\u00a0<a href=\"https:\/\/twitter.com\/childrensguild\" target=\"_blank\" rel=\"noopener noreferrer\"><img loading=\"lazy\" decoding=\"async\" src=\"https:\/\/childrensguildschools.org\/pgc\/wp-content\/uploads\/sites\/2\/2021\/02\/twitter-icon-vector.svg\" width=\"33\" height=\"24\" alt=\"\" class=\"wp-image-1598 alignnone size-thumbnail\" \/><\/a><\/p>\n<p><strong><\/strong><\/p>\n<p>[\/et_pb_text][\/et_pb_column][\/et_pb_row][\/et_pb_section][et_pb_section fb_built=&#8221;1&#8243; fullwidth=&#8221;on&#8221; _builder_version=&#8221;4.16&#8243; _module_preset=&#8221;default&#8221; background_color=&#8221;rgba(0,0,0,0)&#8221; locked=&#8221;off&#8221; global_colors_info=&#8221;{}&#8221;][et_pb_fullwidth_code _builder_version=&#8221;4.16&#8243; _module_preset=&#8221;default&#8221; background_color=&#8221;#e57200&#8243; text_orientation=&#8221;center&#8221; custom_margin=&#8221;0px||||false|false&#8221; custom_padding=&#8221;10px||5px||false|false&#8221; global_colors_info=&#8221;{}&#8221;]<\/p>\n<h3><span style=\"color: #ffffff\"><b>We\u2019re Proud to be an Affiliate of The Children\u2019s Guild<\/b><\/span><\/h3>\n<p>[\/et_pb_fullwidth_code][\/et_pb_section]<\/p>\n","protected":false},"excerpt":{"rendered":"<p>Non-discrimination Policy\u00a0Non-Discrimination Policy We comply with the USDA Nondiscrimination Statement: &nbsp; USDA\u00a0Non-Discrimination\u00a0Statement In accordance with Federal civil rights law and U.S. Department of Agriculture (USDA) civil rights regulations and policies, [&hellip;]<\/p>\n","protected":false},"author":5,"featured_media":0,"parent":0,"menu_order":0,"comment_status":"closed","ping_status":"closed","template":"","meta":{"_acf_changed":false,"_et_pb_use_builder":"on","_et_pb_old_content":"","_et_gb_content_width":"","footnotes":""},"class_list":["post-1260","page","type-page","status-publish","hentry"],"acf":[],"yoast_head":"<!-- This site is optimized with the Yoast SEO plugin v27.4 - https:\/\/yoast.com\/product\/yoast-seo-wordpress\/ -->\n<title>Non-Discrimination Policy - Children&#039;s Guild School of Baltimore<\/title>\n<meta name=\"robots\" content=\"index, follow, max-snippet:-1, max-image-preview:large, max-video-preview:-1\" \/>\n<link rel=\"canonical\" href=\"https:\/\/childrensguildschools.org\/baltimore\/non-discrimination-policy\/\" \/>\n<meta property=\"og:locale\" content=\"en_US\" \/>\n<meta property=\"og:type\" content=\"article\" \/>\n<meta property=\"og:title\" content=\"Non-Discrimination Policy - Children&#039;s Guild School of Baltimore\" \/>\n<meta property=\"og:description\" content=\"Non-discrimination Policy\u00a0Non-Discrimination Policy We comply with the USDA Nondiscrimination Statement: &nbsp; USDA\u00a0Non-Discrimination\u00a0Statement In accordance with Federal civil rights law and U.S. Department of Agriculture (USDA) civil rights regulations and policies, [&hellip;]\" \/>\n<meta property=\"og:url\" content=\"https:\/\/childrensguildschools.org\/baltimore\/non-discrimination-policy\/\" \/>\n<meta property=\"og:site_name\" content=\"Children&#039;s Guild School of Baltimore\" \/>\n<meta property=\"article:modified_time\" content=\"2025-04-24T18:21:55+00:00\" \/>\n<meta property=\"og:image\" content=\"https:\/\/childrensguildschools.org\/pgc\/wp-content\/uploads\/sites\/2\/2021\/02\/facebook-pg-150x150.png\" \/>\n<meta name=\"twitter:card\" content=\"summary_large_image\" \/>\n<meta name=\"twitter:label1\" content=\"Est. reading time\" \/>\n\t<meta name=\"twitter:data1\" content=\"5 minutes\" \/>\n<script type=\"application\/ld+json\" class=\"yoast-schema-graph\">{\"@context\":\"https:\\\/\\\/schema.org\",\"@graph\":[{\"@type\":\"WebPage\",\"@id\":\"https:\\\/\\\/childrensguildschools.org\\\/baltimore\\\/non-discrimination-policy\\\/\",\"url\":\"https:\\\/\\\/childrensguildschools.org\\\/baltimore\\\/non-discrimination-policy\\\/\",\"name\":\"Non-Discrimination Policy - Children&#039;s Guild School of Baltimore\",\"isPartOf\":{\"@id\":\"https:\\\/\\\/childrensguildschools.org\\\/baltimore\\\/#website\"},\"primaryImageOfPage\":{\"@id\":\"https:\\\/\\\/childrensguildschools.org\\\/baltimore\\\/non-discrimination-policy\\\/#primaryimage\"},\"image\":{\"@id\":\"https:\\\/\\\/childrensguildschools.org\\\/baltimore\\\/non-discrimination-policy\\\/#primaryimage\"},\"thumbnailUrl\":\"https:\\\/\\\/childrensguildschools.org\\\/pgc\\\/wp-content\\\/uploads\\\/sites\\\/2\\\/2021\\\/02\\\/facebook-pg-150x150.png\",\"datePublished\":\"2021-01-29T17:48:16+00:00\",\"dateModified\":\"2025-04-24T18:21:55+00:00\",\"breadcrumb\":{\"@id\":\"https:\\\/\\\/childrensguildschools.org\\\/baltimore\\\/non-discrimination-policy\\\/#breadcrumb\"},\"inLanguage\":\"en-US\",\"potentialAction\":[{\"@type\":\"ReadAction\",\"target\":[\"https:\\\/\\\/childrensguildschools.org\\\/baltimore\\\/non-discrimination-policy\\\/\"]}]},{\"@type\":\"ImageObject\",\"inLanguage\":\"en-US\",\"@id\":\"https:\\\/\\\/childrensguildschools.org\\\/baltimore\\\/non-discrimination-policy\\\/#primaryimage\",\"url\":\"https:\\\/\\\/childrensguildschools.org\\\/pgc\\\/wp-content\\\/uploads\\\/sites\\\/2\\\/2021\\\/02\\\/facebook-pg-150x150.png\",\"contentUrl\":\"https:\\\/\\\/childrensguildschools.org\\\/pgc\\\/wp-content\\\/uploads\\\/sites\\\/2\\\/2021\\\/02\\\/facebook-pg-150x150.png\"},{\"@type\":\"BreadcrumbList\",\"@id\":\"https:\\\/\\\/childrensguildschools.org\\\/baltimore\\\/non-discrimination-policy\\\/#breadcrumb\",\"itemListElement\":[{\"@type\":\"ListItem\",\"position\":1,\"name\":\"Home\",\"item\":\"https:\\\/\\\/childrensguildschools.org\\\/baltimore\\\/\"},{\"@type\":\"ListItem\",\"position\":2,\"name\":\"Non-Discrimination Policy\"}]},{\"@type\":\"WebSite\",\"@id\":\"https:\\\/\\\/childrensguildschools.org\\\/baltimore\\\/#website\",\"url\":\"https:\\\/\\\/childrensguildschools.org\\\/baltimore\\\/\",\"name\":\"Children&#039;s Guild School of Baltimore\",\"description\":\"\",\"potentialAction\":[{\"@type\":\"SearchAction\",\"target\":{\"@type\":\"EntryPoint\",\"urlTemplate\":\"https:\\\/\\\/childrensguildschools.org\\\/baltimore\\\/?s={search_term_string}\"},\"query-input\":{\"@type\":\"PropertyValueSpecification\",\"valueRequired\":true,\"valueName\":\"search_term_string\"}}],\"inLanguage\":\"en-US\"}]}<\/script>\n<!-- \/ Yoast SEO plugin. -->","yoast_head_json":{"title":"Non-Discrimination Policy - Children&#039;s Guild School of Baltimore","robots":{"index":"index","follow":"follow","max-snippet":"max-snippet:-1","max-image-preview":"max-image-preview:large","max-video-preview":"max-video-preview:-1"},"canonical":"https:\/\/childrensguildschools.org\/baltimore\/non-discrimination-policy\/","og_locale":"en_US","og_type":"article","og_title":"Non-Discrimination Policy - Children&#039;s Guild School of Baltimore","og_description":"Non-discrimination Policy\u00a0Non-Discrimination Policy We comply with the USDA Nondiscrimination Statement: &nbsp; USDA\u00a0Non-Discrimination\u00a0Statement In accordance with Federal civil rights law and U.S. Department of Agriculture (USDA) civil rights regulations and policies, [&hellip;]","og_url":"https:\/\/childrensguildschools.org\/baltimore\/non-discrimination-policy\/","og_site_name":"Children&#039;s Guild School of Baltimore","article_modified_time":"2025-04-24T18:21:55+00:00","og_image":[{"url":"https:\/\/childrensguildschools.org\/pgc\/wp-content\/uploads\/sites\/2\/2021\/02\/facebook-pg-150x150.png","type":"","width":"","height":""}],"twitter_card":"summary_large_image","twitter_misc":{"Est. reading time":"5 minutes"},"schema":{"@context":"https:\/\/schema.org","@graph":[{"@type":"WebPage","@id":"https:\/\/childrensguildschools.org\/baltimore\/non-discrimination-policy\/","url":"https:\/\/childrensguildschools.org\/baltimore\/non-discrimination-policy\/","name":"Non-Discrimination Policy - Children&#039;s Guild School of Baltimore","isPartOf":{"@id":"https:\/\/childrensguildschools.org\/baltimore\/#website"},"primaryImageOfPage":{"@id":"https:\/\/childrensguildschools.org\/baltimore\/non-discrimination-policy\/#primaryimage"},"image":{"@id":"https:\/\/childrensguildschools.org\/baltimore\/non-discrimination-policy\/#primaryimage"},"thumbnailUrl":"https:\/\/childrensguildschools.org\/pgc\/wp-content\/uploads\/sites\/2\/2021\/02\/facebook-pg-150x150.png","datePublished":"2021-01-29T17:48:16+00:00","dateModified":"2025-04-24T18:21:55+00:00","breadcrumb":{"@id":"https:\/\/childrensguildschools.org\/baltimore\/non-discrimination-policy\/#breadcrumb"},"inLanguage":"en-US","potentialAction":[{"@type":"ReadAction","target":["https:\/\/childrensguildschools.org\/baltimore\/non-discrimination-policy\/"]}]},{"@type":"ImageObject","inLanguage":"en-US","@id":"https:\/\/childrensguildschools.org\/baltimore\/non-discrimination-policy\/#primaryimage","url":"https:\/\/childrensguildschools.org\/pgc\/wp-content\/uploads\/sites\/2\/2021\/02\/facebook-pg-150x150.png","contentUrl":"https:\/\/childrensguildschools.org\/pgc\/wp-content\/uploads\/sites\/2\/2021\/02\/facebook-pg-150x150.png"},{"@type":"BreadcrumbList","@id":"https:\/\/childrensguildschools.org\/baltimore\/non-discrimination-policy\/#breadcrumb","itemListElement":[{"@type":"ListItem","position":1,"name":"Home","item":"https:\/\/childrensguildschools.org\/baltimore\/"},{"@type":"ListItem","position":2,"name":"Non-Discrimination Policy"}]},{"@type":"WebSite","@id":"https:\/\/childrensguildschools.org\/baltimore\/#website","url":"https:\/\/childrensguildschools.org\/baltimore\/","name":"Children&#039;s Guild School of Baltimore","description":"","potentialAction":[{"@type":"SearchAction","target":{"@type":"EntryPoint","urlTemplate":"https:\/\/childrensguildschools.org\/baltimore\/?s={search_term_string}"},"query-input":{"@type":"PropertyValueSpecification","valueRequired":true,"valueName":"search_term_string"}}],"inLanguage":"en-US"}]}},"_links":{"self":[{"href":"https:\/\/childrensguildschools.org\/baltimore\/wp-json\/wp\/v2\/pages\/1260","targetHints":{"allow":["GET"]}}],"collection":[{"href":"https:\/\/childrensguildschools.org\/baltimore\/wp-json\/wp\/v2\/pages"}],"about":[{"href":"https:\/\/childrensguildschools.org\/baltimore\/wp-json\/wp\/v2\/types\/page"}],"author":[{"embeddable":true,"href":"https:\/\/childrensguildschools.org\/baltimore\/wp-json\/wp\/v2\/users\/5"}],"replies":[{"embeddable":true,"href":"https:\/\/childrensguildschools.org\/baltimore\/wp-json\/wp\/v2\/comments?post=1260"}],"version-history":[{"count":0,"href":"https:\/\/childrensguildschools.org\/baltimore\/wp-json\/wp\/v2\/pages\/1260\/revisions"}],"wp:attachment":[{"href":"https:\/\/childrensguildschools.org\/baltimore\/wp-json\/wp\/v2\/media?parent=1260"}],"curies":[{"name":"wp","href":"https:\/\/api.w.org\/{rel}","templated":true}]}}